{"id":4997,"date":"2025-05-06T14:41:10","date_gmt":"2025-05-06T12:41:10","guid":{"rendered":"https:\/\/www.vivianstyle.com\/?post_type=product&#038;p=4997"},"modified":"2025-09-17T01:22:00","modified_gmt":"2025-09-16T23:22:00","slug":"estelle-timeless-not-trend-bound","status":"publish","type":"product","link":"https:\/\/www.vivianstyle.com\/fi\/tuote\/estelle-timeless-not-trend-bound\/","title":{"rendered":"Estelle | Timeless, not trend-bound"},"content":{"rendered":"<p class=\"\" data-start=\"213\" data-end=\"567\"><strong data-start=\"213\" data-end=\"246\">Estelle \u2013 ajaton luonnostaan<\/strong><\/p>\n<p data-start=\"548\" data-end=\"814\">Estelle on ajaton jo olemukseltaan. Hienovarainen, mutta t\u00e4ynn\u00e4 luonnetta \u2013 hiljainen seuralainen niille, jotka arvostavat k\u00e4sity\u00f6t\u00e4 ohimenevien trendien sijaan.\nSyv\u00e4npunainen puu kohtaa vaalean koivun p\u00e4\u00e4dyt ja yksityiskohdat, muodostaen l\u00e4mpim\u00e4n ja valon v\u00e4lisen harmonisen tasapainon.<\/p>\n<p data-start=\"816\" data-end=\"965\">Sis\u00e4puolen pehme\u00e4 nahkavuori tarjoaa k\u00e4yt\u00e4nn\u00f6llisyytt\u00e4, joka kietoutuu hienostuneeseen yksinkertaisuuteen. S\u00e4\u00e4dett\u00e4v\u00e4 nahkahihna tuo mukavuutta ja muunneltavuutta.<\/p>\n<p data-start=\"967\" data-end=\"1166\">K\u00e4sintehty ja rajoitettu vain 20 kappaleeseen maailmanlaajuisesti, Estelle on niille, jotka ovat harkitsevia, tyyni\u00e4 ja vaivattoman elegantteja.\nLaukku, joka ei tarvitse todistella mit\u00e4\u00e4n \u2014 ja juuri siin\u00e4 piilee sen voima.<\/p>\n<p class=\"\" data-start=\"766\" data-end=\"815\"><strong data-start=\"766\" data-end=\"815\">Niille, jotka tuntevat tyylins\u00e4. Ja luottavat siihen.<\/strong><\/p>\n<p>Tyylik\u00e4s koivusta valmistettu k\u00e4silaukku on kest\u00e4v\u00e4 ja monik\u00e4ytt\u00f6inen valinta niin arkeen kuin juhlaan. Puun kaunis pinta tekee siit\u00e4 ainutlaatuisen ja katseen vangitsevan asusteen.<\/p>\n<p>Kest\u00e4v\u00e4st\u00e4 ja vastuullisesti tuotetusta koivusta valmistettu laukku on suunniteltu kest\u00e4m\u00e4\u00e4n aikaa.\nSis\u00e4puolella on k\u00e4yt\u00e4nn\u00f6llinen tila puhelimelle, lompakolle ja muille t\u00e4rkeille tavaroille.\nTyylikk\u00e4\u00e4n vihre\u00e4ksi s\u00e4vytetty koivuviilu yhdistettyn\u00e4 hienovaraisiin yksityiskohtiin huokuu eleganssia, ja minimalistinen muotoilu sopii saumattomasti eri tyyleihin ja tilanteisiin.<\/p>\n<p>Valitsemalla t\u00e4m\u00e4n laukun tuet paikallista k\u00e4sity\u00f6t\u00e4 ja kest\u00e4v\u00e4\u00e4 kehityst\u00e4. Laukku on valmistettu Suomessa paikallisesti hankituista materiaaleista \u2013 laadukkaasti ja j\u00e4ljitett\u00e4v\u00e4sti.<\/p>\n<p>Tuote on k\u00e4sitelty ymp\u00e4rist\u00f6yst\u00e4v\u00e4llisell\u00e4 puuvahalla, joka hylkii likaa ja kosteutta.<\/p>\n<p>My\u00f6nn\u00e4mme laukulle 12 kuukauden kest\u00e4vyystakuun, joka kattaa normaalissa k\u00e4yt\u00f6ss\u00e4 ilmenev\u00e4t mahdolliset viat.<\/p>\n<p>Koska puu on luonnonmateriaali, sen pinnassa voi esiinty\u00e4 hienovaraisia vaihteluita verrattuna tuotekuviin.<\/p>\n<p><strong>Materiaali:<\/strong> Kotimainen koivu, tiikki, nahka, metalli<br \/>\n<strong>Mitat:<\/strong> 250mm (L) x 70mm (W) x 150mm (H)<br \/>\n<strong>Olkahihnan pituus:<\/strong> S\u00e4\u00e4dett\u00e4v\u00e4, 70 - 120 cm<\/p>","protected":false},"excerpt":{"rendered":"<p>Estelle | Timeless, not trend-bound<\/p>","protected":false},"featured_media":5064,"comment_status":"open","ping_status":"closed","template":"","meta":[],"product_brand":[],"product_cat":[15],"product_tag":[45,51],"class_list":{"0":"post-4997","1":"product","2":"type-product","3":"status-publish","4":"has-post-thumbnail","6":"product_cat-yleinen","7":"product_tag-design","8":"product_tag-estelle","10":"first","11":"instock","12":"taxable","13":"shipping-taxable","14":"purchasable","15":"product-type-simple"},"yoast_head":"<!-- This site is optimized with the Yoast SEO plugin v27.3 - https:\/\/yoast.com\/product\/yoast-seo-wordpress\/ -->\n<title>Estelle | Timeless, not trend-bound - Vivian Style | Timeless Wooden Handbag<\/title>\n<meta name=\"description\" content=\"Estelle by Vivian: a timeless wooden handbag with birch and deep red details, handmade in only 20 pieces. Understated elegance for true style.\" \/>\n<meta name=\"robots\" content=\"index, follow, max-snippet:-1, max-image-preview:large, max-video-preview:-1\" \/>\n<link rel=\"canonical\" href=\"https:\/\/www.vivianstyle.com\/fi\/tuote\/estelle-timeless-not-trend-bound\/\" \/>\n<meta property=\"og:locale\" content=\"fi_FI\" \/>\n<meta property=\"og:type\" content=\"article\" \/>\n<meta property=\"og:title\" content=\"Estelle | Timeless, not trend-bound - Vivian Style | Timeless Wooden Handbag\" \/>\n<meta property=\"og:description\" content=\"Estelle by Vivian: a timeless wooden handbag with birch and deep red details, handmade in only 20 pieces. Understated elegance for true style.\" \/>\n<meta property=\"og:url\" content=\"https:\/\/www.vivianstyle.com\/fi\/tuote\/estelle-timeless-not-trend-bound\/\" \/>\n<meta property=\"og:site_name\" content=\"Vivian Style\" \/>\n<meta property=\"article:modified_time\" content=\"2025-09-16T23:22:00+00:00\" \/>\n<meta property=\"og:image\" content=\"https:\/\/www.vivianstyle.com\/wp-content\/uploads\/2025\/05\/Wooden-design-bag-Vivian-Estelle-02-LO.webp\" \/>\n\t<meta property=\"og:image:width\" content=\"1000\" \/>\n\t<meta property=\"og:image:height\" content=\"1000\" \/>\n\t<meta property=\"og:image:type\" content=\"image\/webp\" \/>\n<meta name=\"twitter:card\" content=\"summary_large_image\" \/>\n<meta name=\"twitter:label1\" content=\"Arvioitu lukuaika\" \/>\n\t<meta name=\"twitter:data1\" content=\"2 minuuttia\" \/>\n<script type=\"application\/ld+json\" class=\"yoast-schema-graph\">{\"@context\":\"https:\\\/\\\/schema.org\",\"@graph\":[{\"@type\":\"WebPage\",\"@id\":\"https:\\\/\\\/www.vivianstyle.com\\\/tuote\\\/estelle-timeless-not-trend-bound\\\/\",\"url\":\"https:\\\/\\\/www.vivianstyle.com\\\/tuote\\\/estelle-timeless-not-trend-bound\\\/\",\"name\":\"Estelle | Timeless, not trend-bound - Vivian Style | Timeless Wooden Handbag\",\"isPartOf\":{\"@id\":\"https:\\\/\\\/www.vivianstyle.com\\\/#website\"},\"primaryImageOfPage\":{\"@id\":\"https:\\\/\\\/www.vivianstyle.com\\\/tuote\\\/estelle-timeless-not-trend-bound\\\/#primaryimage\"},\"image\":{\"@id\":\"https:\\\/\\\/www.vivianstyle.com\\\/tuote\\\/estelle-timeless-not-trend-bound\\\/#primaryimage\"},\"thumbnailUrl\":\"https:\\\/\\\/www.vivianstyle.com\\\/wp-content\\\/uploads\\\/2025\\\/05\\\/Wooden-design-bag-Vivian-Estelle-02-LO.webp\",\"datePublished\":\"2025-05-06T12:41:10+00:00\",\"dateModified\":\"2025-09-16T23:22:00+00:00\",\"description\":\"Estelle by Vivian: a timeless wooden handbag with birch and deep red details, handmade in only 20 pieces. Understated elegance for true style.\",\"breadcrumb\":{\"@id\":\"https:\\\/\\\/www.vivianstyle.com\\\/tuote\\\/estelle-timeless-not-trend-bound\\\/#breadcrumb\"},\"inLanguage\":\"fi\",\"potentialAction\":[{\"@type\":\"ReadAction\",\"target\":[\"https:\\\/\\\/www.vivianstyle.com\\\/tuote\\\/estelle-timeless-not-trend-bound\\\/\"]}]},{\"@type\":\"ImageObject\",\"inLanguage\":\"fi\",\"@id\":\"https:\\\/\\\/www.vivianstyle.com\\\/tuote\\\/estelle-timeless-not-trend-bound\\\/#primaryimage\",\"url\":\"https:\\\/\\\/www.vivianstyle.com\\\/wp-content\\\/uploads\\\/2025\\\/05\\\/Wooden-design-bag-Vivian-Estelle-02-LO.webp\",\"contentUrl\":\"https:\\\/\\\/www.vivianstyle.com\\\/wp-content\\\/uploads\\\/2025\\\/05\\\/Wooden-design-bag-Vivian-Estelle-02-LO.webp\",\"width\":1000,\"height\":1000},{\"@type\":\"BreadcrumbList\",\"@id\":\"https:\\\/\\\/www.vivianstyle.com\\\/tuote\\\/estelle-timeless-not-trend-bound\\\/#breadcrumb\",\"itemListElement\":[{\"@type\":\"ListItem\",\"position\":1,\"name\":\"Home\",\"item\":\"https:\\\/\\\/www.vivianstyle.com\\\/\"},{\"@type\":\"ListItem\",\"position\":2,\"name\":\"Shop\",\"item\":\"https:\\\/\\\/www.vivianstyle.com\\\/shop\\\/\"},{\"@type\":\"ListItem\",\"position\":3,\"name\":\"Estelle | Timeless, not trend-bound\"}]},{\"@type\":\"WebSite\",\"@id\":\"https:\\\/\\\/www.vivianstyle.com\\\/#website\",\"url\":\"https:\\\/\\\/www.vivianstyle.com\\\/\",\"name\":\"Vivian Style\",\"description\":\"Crafted to empower | Design wooden handbags\",\"publisher\":{\"@id\":\"https:\\\/\\\/www.vivianstyle.com\\\/#organization\"},\"potentialAction\":[{\"@type\":\"SearchAction\",\"target\":{\"@type\":\"EntryPoint\",\"urlTemplate\":\"https:\\\/\\\/www.vivianstyle.com\\\/?s={search_term_string}\"},\"query-input\":{\"@type\":\"PropertyValueSpecification\",\"valueRequired\":true,\"valueName\":\"search_term_string\"}}],\"inLanguage\":\"fi\"},{\"@type\":\"Organization\",\"@id\":\"https:\\\/\\\/www.vivianstyle.com\\\/#organization\",\"name\":\"Vivian Style\",\"url\":\"https:\\\/\\\/www.vivianstyle.com\\\/\",\"logo\":{\"@type\":\"ImageObject\",\"inLanguage\":\"fi\",\"@id\":\"https:\\\/\\\/www.vivianstyle.com\\\/#\\\/schema\\\/logo\\\/image\\\/\",\"url\":\"https:\\\/\\\/www.vivianstyle.com\\\/wp-content\\\/uploads\\\/2025\\\/01\\\/cropped-favicon-2.png\",\"contentUrl\":\"https:\\\/\\\/www.vivianstyle.com\\\/wp-content\\\/uploads\\\/2025\\\/01\\\/cropped-favicon-2.png\",\"width\":512,\"height\":512,\"caption\":\"Vivian Style\"},\"image\":{\"@id\":\"https:\\\/\\\/www.vivianstyle.com\\\/#\\\/schema\\\/logo\\\/image\\\/\"}}]}<\/script>\n<!-- \/ Yoast SEO plugin. -->","yoast_head_json":{"title":"Estelle | Timeless, not trend-bound - Vivian Style | Timeless Wooden Handbag","description":"Estelle by Vivian: a timeless wooden handbag with birch and deep red details, handmade in only 20 pieces. Understated elegance for true style.","robots":{"index":"index","follow":"follow","max-snippet":"max-snippet:-1","max-image-preview":"max-image-preview:large","max-video-preview":"max-video-preview:-1"},"canonical":"https:\/\/www.vivianstyle.com\/fi\/tuote\/estelle-timeless-not-trend-bound\/","og_locale":"fi_FI","og_type":"article","og_title":"Estelle | Timeless, not trend-bound - Vivian Style | Timeless Wooden Handbag","og_description":"Estelle by Vivian: a timeless wooden handbag with birch and deep red details, handmade in only 20 pieces. Understated elegance for true style.","og_url":"https:\/\/www.vivianstyle.com\/fi\/tuote\/estelle-timeless-not-trend-bound\/","og_site_name":"Vivian Style","article_modified_time":"2025-09-16T23:22:00+00:00","og_image":[{"width":1000,"height":1000,"url":"https:\/\/www.vivianstyle.com\/wp-content\/uploads\/2025\/05\/Wooden-design-bag-Vivian-Estelle-02-LO.webp","type":"image\/webp"}],"twitter_card":"summary_large_image","twitter_misc":{"Arvioitu lukuaika":"2 minuuttia"},"schema":{"@context":"https:\/\/schema.org","@graph":[{"@type":"WebPage","@id":"https:\/\/www.vivianstyle.com\/tuote\/estelle-timeless-not-trend-bound\/","url":"https:\/\/www.vivianstyle.com\/tuote\/estelle-timeless-not-trend-bound\/","name":"Estelle | Timeless, not trend-bound - Vivian Style | Timeless Wooden Handbag","isPartOf":{"@id":"https:\/\/www.vivianstyle.com\/#website"},"primaryImageOfPage":{"@id":"https:\/\/www.vivianstyle.com\/tuote\/estelle-timeless-not-trend-bound\/#primaryimage"},"image":{"@id":"https:\/\/www.vivianstyle.com\/tuote\/estelle-timeless-not-trend-bound\/#primaryimage"},"thumbnailUrl":"https:\/\/www.vivianstyle.com\/wp-content\/uploads\/2025\/05\/Wooden-design-bag-Vivian-Estelle-02-LO.webp","datePublished":"2025-05-06T12:41:10+00:00","dateModified":"2025-09-16T23:22:00+00:00","description":"Estelle by Vivian: a timeless wooden handbag with birch and deep red details, handmade in only 20 pieces. Understated elegance for true style.","breadcrumb":{"@id":"https:\/\/www.vivianstyle.com\/tuote\/estelle-timeless-not-trend-bound\/#breadcrumb"},"inLanguage":"fi","potentialAction":[{"@type":"ReadAction","target":["https:\/\/www.vivianstyle.com\/tuote\/estelle-timeless-not-trend-bound\/"]}]},{"@type":"ImageObject","inLanguage":"fi","@id":"https:\/\/www.vivianstyle.com\/tuote\/estelle-timeless-not-trend-bound\/#primaryimage","url":"https:\/\/www.vivianstyle.com\/wp-content\/uploads\/2025\/05\/Wooden-design-bag-Vivian-Estelle-02-LO.webp","contentUrl":"https:\/\/www.vivianstyle.com\/wp-content\/uploads\/2025\/05\/Wooden-design-bag-Vivian-Estelle-02-LO.webp","width":1000,"height":1000},{"@type":"BreadcrumbList","@id":"https:\/\/www.vivianstyle.com\/tuote\/estelle-timeless-not-trend-bound\/#breadcrumb","itemListElement":[{"@type":"ListItem","position":1,"name":"Home","item":"https:\/\/www.vivianstyle.com\/"},{"@type":"ListItem","position":2,"name":"Shop","item":"https:\/\/www.vivianstyle.com\/shop\/"},{"@type":"ListItem","position":3,"name":"Estelle | Timeless, not trend-bound"}]},{"@type":"WebSite","@id":"https:\/\/www.vivianstyle.com\/#website","url":"https:\/\/www.vivianstyle.com\/","name":"Vivian Style","description":"Crafted to empower | Design wooden handbags","publisher":{"@id":"https:\/\/www.vivianstyle.com\/#organization"},"potentialAction":[{"@type":"SearchAction","target":{"@type":"EntryPoint","urlTemplate":"https:\/\/www.vivianstyle.com\/?s={search_term_string}"},"query-input":{"@type":"PropertyValueSpecification","valueRequired":true,"valueName":"search_term_string"}}],"inLanguage":"fi"},{"@type":"Organization","@id":"https:\/\/www.vivianstyle.com\/#organization","name":"Vivian Style","url":"https:\/\/www.vivianstyle.com\/","logo":{"@type":"ImageObject","inLanguage":"fi","@id":"https:\/\/www.vivianstyle.com\/#\/schema\/logo\/image\/","url":"https:\/\/www.vivianstyle.com\/wp-content\/uploads\/2025\/01\/cropped-favicon-2.png","contentUrl":"https:\/\/www.vivianstyle.com\/wp-content\/uploads\/2025\/01\/cropped-favicon-2.png","width":512,"height":512,"caption":"Vivian Style"},"image":{"@id":"https:\/\/www.vivianstyle.com\/#\/schema\/logo\/image\/"}}]}},"_links":{"self":[{"href":"https:\/\/www.vivianstyle.com\/fi\/wp-json\/wp\/v2\/product\/4997","targetHints":{"allow":["GET"]}}],"collection":[{"href":"https:\/\/www.vivianstyle.com\/fi\/wp-json\/wp\/v2\/product"}],"about":[{"href":"https:\/\/www.vivianstyle.com\/fi\/wp-json\/wp\/v2\/types\/product"}],"replies":[{"embeddable":true,"href":"https:\/\/www.vivianstyle.com\/fi\/wp-json\/wp\/v2\/comments?post=4997"}],"wp:featuredmedia":[{"embeddable":true,"href":"https:\/\/www.vivianstyle.com\/fi\/wp-json\/wp\/v2\/media\/5064"}],"wp:attachment":[{"href":"https:\/\/www.vivianstyle.com\/fi\/wp-json\/wp\/v2\/media?parent=4997"}],"wp:term":[{"taxonomy":"product_brand","embeddable":true,"href":"https:\/\/www.vivianstyle.com\/fi\/wp-json\/wp\/v2\/product_brand?post=4997"},{"taxonomy":"product_cat","embeddable":true,"href":"https:\/\/www.vivianstyle.com\/fi\/wp-json\/wp\/v2\/product_cat?post=4997"},{"taxonomy":"product_tag","embeddable":true,"href":"https:\/\/www.vivianstyle.com\/fi\/wp-json\/wp\/v2\/product_tag?post=4997"}],"curies":[{"name":"wp","href":"https:\/\/api.w.org\/{rel}","templated":true}]}}