{"id":4996,"date":"2025-05-06T13:06:53","date_gmt":"2025-05-06T11:06:53","guid":{"rendered":"https:\/\/www.vivianstyle.com\/?post_type=product&#038;p=4996"},"modified":"2025-10-09T00:24:22","modified_gmt":"2025-10-08T22:24:22","slug":"diana-where-elegance-lives","status":"publish","type":"product","link":"https:\/\/www.vivianstyle.com\/fi\/tuote\/diana-where-elegance-lives\/","title":{"rendered":"Diana | Where elegance lives"},"content":{"rendered":"<p class=\"\" data-start=\"205\" data-end=\"547\"><strong data-start=\"205\" data-end=\"247\">Diana \u2013 hiljainen eleganssi, kest\u00e4v\u00e4 voima<\/strong><br data-start=\"247\" data-end=\"250\" \/>Hienostunut ja elegantti, <em data-start=\"272\" data-end=\"279\">Diana<\/em> on ajattoman tasapainon ja itsevarmuuden ilmentym\u00e4. Sen pehme\u00e4nharmaa pinta on s\u00e4vylt\u00e4\u00e4n lempe\u00e4 mutta olemukseltaan vahva. Kultaisten yksityiskohtien valo tuo rauhaan ripauksen loistoa. Sis\u00e4puolella syv\u00e4nmusta nahka luo kontrastin, joka puhuu hiljaa mutta tarkoituksella.<\/p>\n<p class=\"\" data-start=\"549\" data-end=\"667\"><em data-start=\"549\" data-end=\"556\">Diana<\/em> ei seuraa trendej\u00e4 \u2013 h\u00e4n kulkee omaa tiet\u00e4\u00e4n. H\u00e4nen tyylins\u00e4 kumpuaa tasapainosta, kauneudesta ja horjumattomasta l\u00e4sn\u00e4olosta.<\/p>\n<p class=\"\" data-start=\"669\" data-end=\"732\"><strong data-start=\"669\" data-end=\"732\">Niille, jotka johtavat ilman \u00e4\u00e4nt\u00e4 ja loistavat ilman lupaa.<\/strong><\/p>\n<p>Tyylik\u00e4s koivusta valmistettu k\u00e4silaukku on kest\u00e4v\u00e4 ja monik\u00e4ytt\u00f6inen valinta niin arkeen kuin juhlaan. Puun kaunis pinta tekee siit\u00e4 ainutlaatuisen ja katseen vangitsevan asusteen.<\/p>\n<p>Kest\u00e4v\u00e4st\u00e4 ja vastuullisesti tuotetusta koivusta valmistettu laukku on suunniteltu kest\u00e4m\u00e4\u00e4n aikaa. Sis\u00e4puoli tarjoaa k\u00e4tev\u00e4n tilan puhelimelle, lompakolle ja muille t\u00e4rkeille tavaroille.Harmaaksi s\u00e4vytetty koivuviilu yhdess\u00e4 kultaisten yksityiskohtien kanssa huokuu eleganssia, ja minimalistinen muotoilu sulautuu saumattomasti eri tyyleihin ja tilanteisiin. Olitpa menossa juhlaan tai liikkeell\u00e4 rennosti, t\u00e4m\u00e4 laukku on t\u00e4ydellinen lis\u00e4 asuusi \u2013 tai harkittu lahja.<\/p>\n<p>Valitsemalla t\u00e4m\u00e4n laukun tuet paikallista k\u00e4sity\u00f6t\u00e4 ja kest\u00e4v\u00e4\u00e4 kehityst\u00e4. Laukku on valmistettu Suomessa paikallisesti hankituista materiaaleista \u2013 laadukkaasti ja j\u00e4ljitett\u00e4v\u00e4sti.<\/p>\n<p>Tuote on k\u00e4sitelty ymp\u00e4rist\u00f6yst\u00e4v\u00e4llisell\u00e4 puuvahalla, joka hylkii likaa ja kosteutta.<\/p>\n<p>My\u00f6nn\u00e4mme laukulle 12 kuukauden kest\u00e4vyystakuun, joka kattaa normaalissa k\u00e4yt\u00f6ss\u00e4 ilmenev\u00e4t mahdolliset viat.<\/p>\n<p>Koska puu on luonnonmateriaali, sen pinnassa voi esiinty\u00e4 hienovaraisia vaihteluita verrattuna tuotekuviin.<\/p>\n<p><strong>Materiaali:<\/strong> Kotimainen koivu, nahka, metalli<br \/>\n<strong>Mitat:<\/strong> 220mm (L) x 55mm (W) x 130mm (H)<br \/>\n<strong>Olkahihnan pituus:<\/strong> 120 cm<\/p>","protected":false},"excerpt":{"rendered":"<p>Diana | Where elegance lives<\/p>","protected":false},"featured_media":5028,"comment_status":"open","ping_status":"closed","template":"","meta":[],"product_brand":[],"product_cat":[15],"product_tag":[45,50],"class_list":{"0":"post-4996","1":"product","2":"type-product","3":"status-publish","4":"has-post-thumbnail","6":"product_cat-yleinen","7":"product_tag-design","8":"product_tag-diana","10":"first","11":"instock","12":"taxable","13":"shipping-taxable","14":"purchasable","15":"product-type-simple"},"yoast_head":"<!-- This site is optimized with the Yoast SEO plugin v27.3 - https:\/\/yoast.com\/product\/yoast-seo-wordpress\/ -->\n<title>Diana | Where elegance lives - Vivian Style | Where Wood Meets Fashion<\/title>\n<meta name=\"description\" content=\"Bold wooden bags with striking design and natural beauty. A unique fusion of fashion and function. Vivian Style - Diana | Where elegance lives\" \/>\n<meta name=\"robots\" content=\"index, follow, max-snippet:-1, max-image-preview:large, max-video-preview:-1\" \/>\n<link rel=\"canonical\" href=\"https:\/\/www.vivianstyle.com\/fi\/tuote\/diana-where-elegance-lives\/\" \/>\n<meta property=\"og:locale\" content=\"fi_FI\" \/>\n<meta property=\"og:type\" content=\"article\" \/>\n<meta property=\"og:title\" content=\"Diana | Where elegance lives - Vivian Style | Where Wood Meets Fashion\" \/>\n<meta property=\"og:description\" content=\"Bold wooden bags with striking design and natural beauty. A unique fusion of fashion and function. Vivian Style - Diana | Where elegance lives\" \/>\n<meta property=\"og:url\" content=\"https:\/\/www.vivianstyle.com\/fi\/tuote\/diana-where-elegance-lives\/\" \/>\n<meta property=\"og:site_name\" content=\"Vivian Style\" \/>\n<meta property=\"article:modified_time\" content=\"2025-10-08T22:24:22+00:00\" \/>\n<meta property=\"og:image\" content=\"https:\/\/www.vivianstyle.com\/wp-content\/uploads\/2025\/05\/Wooden-design-bag-Vivian-Diana-02-LO.webp\" \/>\n\t<meta property=\"og:image:width\" content=\"1000\" \/>\n\t<meta property=\"og:image:height\" content=\"1000\" \/>\n\t<meta property=\"og:image:type\" content=\"image\/webp\" \/>\n<meta name=\"twitter:card\" content=\"summary_large_image\" \/>\n<meta name=\"twitter:label1\" content=\"Arvioitu lukuaika\" \/>\n\t<meta name=\"twitter:data1\" content=\"2 minuuttia\" \/>\n<script type=\"application\/ld+json\" class=\"yoast-schema-graph\">{\"@context\":\"https:\\\/\\\/schema.org\",\"@graph\":[{\"@type\":\"WebPage\",\"@id\":\"https:\\\/\\\/www.vivianstyle.com\\\/tuote\\\/diana-where-elegance-lives\\\/\",\"url\":\"https:\\\/\\\/www.vivianstyle.com\\\/tuote\\\/diana-where-elegance-lives\\\/\",\"name\":\"Diana | Where elegance lives - Vivian Style | Where Wood Meets Fashion\",\"isPartOf\":{\"@id\":\"https:\\\/\\\/www.vivianstyle.com\\\/#website\"},\"primaryImageOfPage\":{\"@id\":\"https:\\\/\\\/www.vivianstyle.com\\\/tuote\\\/diana-where-elegance-lives\\\/#primaryimage\"},\"image\":{\"@id\":\"https:\\\/\\\/www.vivianstyle.com\\\/tuote\\\/diana-where-elegance-lives\\\/#primaryimage\"},\"thumbnailUrl\":\"https:\\\/\\\/www.vivianstyle.com\\\/wp-content\\\/uploads\\\/2025\\\/05\\\/Wooden-design-bag-Vivian-Diana-02-LO.webp\",\"datePublished\":\"2025-05-06T11:06:53+00:00\",\"dateModified\":\"2025-10-08T22:24:22+00:00\",\"description\":\"Bold wooden bags with striking design and natural beauty. A unique fusion of fashion and function. Vivian Style - Diana | Where elegance lives\",\"breadcrumb\":{\"@id\":\"https:\\\/\\\/www.vivianstyle.com\\\/tuote\\\/diana-where-elegance-lives\\\/#breadcrumb\"},\"inLanguage\":\"fi\",\"potentialAction\":[{\"@type\":\"ReadAction\",\"target\":[\"https:\\\/\\\/www.vivianstyle.com\\\/tuote\\\/diana-where-elegance-lives\\\/\"]}]},{\"@type\":\"ImageObject\",\"inLanguage\":\"fi\",\"@id\":\"https:\\\/\\\/www.vivianstyle.com\\\/tuote\\\/diana-where-elegance-lives\\\/#primaryimage\",\"url\":\"https:\\\/\\\/www.vivianstyle.com\\\/wp-content\\\/uploads\\\/2025\\\/05\\\/Wooden-design-bag-Vivian-Diana-02-LO.webp\",\"contentUrl\":\"https:\\\/\\\/www.vivianstyle.com\\\/wp-content\\\/uploads\\\/2025\\\/05\\\/Wooden-design-bag-Vivian-Diana-02-LO.webp\",\"width\":1000,\"height\":1000},{\"@type\":\"BreadcrumbList\",\"@id\":\"https:\\\/\\\/www.vivianstyle.com\\\/tuote\\\/diana-where-elegance-lives\\\/#breadcrumb\",\"itemListElement\":[{\"@type\":\"ListItem\",\"position\":1,\"name\":\"Home\",\"item\":\"https:\\\/\\\/www.vivianstyle.com\\\/\"},{\"@type\":\"ListItem\",\"position\":2,\"name\":\"Shop\",\"item\":\"https:\\\/\\\/www.vivianstyle.com\\\/shop\\\/\"},{\"@type\":\"ListItem\",\"position\":3,\"name\":\"Diana | Where elegance lives\"}]},{\"@type\":\"WebSite\",\"@id\":\"https:\\\/\\\/www.vivianstyle.com\\\/#website\",\"url\":\"https:\\\/\\\/www.vivianstyle.com\\\/\",\"name\":\"Vivian Style\",\"description\":\"Crafted to empower | Design wooden handbags\",\"publisher\":{\"@id\":\"https:\\\/\\\/www.vivianstyle.com\\\/#organization\"},\"potentialAction\":[{\"@type\":\"SearchAction\",\"target\":{\"@type\":\"EntryPoint\",\"urlTemplate\":\"https:\\\/\\\/www.vivianstyle.com\\\/?s={search_term_string}\"},\"query-input\":{\"@type\":\"PropertyValueSpecification\",\"valueRequired\":true,\"valueName\":\"search_term_string\"}}],\"inLanguage\":\"fi\"},{\"@type\":\"Organization\",\"@id\":\"https:\\\/\\\/www.vivianstyle.com\\\/#organization\",\"name\":\"Vivian Style\",\"url\":\"https:\\\/\\\/www.vivianstyle.com\\\/\",\"logo\":{\"@type\":\"ImageObject\",\"inLanguage\":\"fi\",\"@id\":\"https:\\\/\\\/www.vivianstyle.com\\\/#\\\/schema\\\/logo\\\/image\\\/\",\"url\":\"https:\\\/\\\/www.vivianstyle.com\\\/wp-content\\\/uploads\\\/2025\\\/01\\\/cropped-favicon-2.png\",\"contentUrl\":\"https:\\\/\\\/www.vivianstyle.com\\\/wp-content\\\/uploads\\\/2025\\\/01\\\/cropped-favicon-2.png\",\"width\":512,\"height\":512,\"caption\":\"Vivian Style\"},\"image\":{\"@id\":\"https:\\\/\\\/www.vivianstyle.com\\\/#\\\/schema\\\/logo\\\/image\\\/\"}}]}<\/script>\n<!-- \/ Yoast SEO plugin. -->","yoast_head_json":{"title":"Diana | Where elegance lives - Vivian Style | Where Wood Meets Fashion","description":"Bold wooden bags with striking design and natural beauty. A unique fusion of fashion and function. Vivian Style - Diana | Where elegance lives","robots":{"index":"index","follow":"follow","max-snippet":"max-snippet:-1","max-image-preview":"max-image-preview:large","max-video-preview":"max-video-preview:-1"},"canonical":"https:\/\/www.vivianstyle.com\/fi\/tuote\/diana-where-elegance-lives\/","og_locale":"fi_FI","og_type":"article","og_title":"Diana | Where elegance lives - Vivian Style | Where Wood Meets Fashion","og_description":"Bold wooden bags with striking design and natural beauty. A unique fusion of fashion and function. Vivian Style - Diana | Where elegance lives","og_url":"https:\/\/www.vivianstyle.com\/fi\/tuote\/diana-where-elegance-lives\/","og_site_name":"Vivian Style","article_modified_time":"2025-10-08T22:24:22+00:00","og_image":[{"width":1000,"height":1000,"url":"https:\/\/www.vivianstyle.com\/wp-content\/uploads\/2025\/05\/Wooden-design-bag-Vivian-Diana-02-LO.webp","type":"image\/webp"}],"twitter_card":"summary_large_image","twitter_misc":{"Arvioitu lukuaika":"2 minuuttia"},"schema":{"@context":"https:\/\/schema.org","@graph":[{"@type":"WebPage","@id":"https:\/\/www.vivianstyle.com\/tuote\/diana-where-elegance-lives\/","url":"https:\/\/www.vivianstyle.com\/tuote\/diana-where-elegance-lives\/","name":"Diana | Where elegance lives - Vivian Style | Where Wood Meets Fashion","isPartOf":{"@id":"https:\/\/www.vivianstyle.com\/#website"},"primaryImageOfPage":{"@id":"https:\/\/www.vivianstyle.com\/tuote\/diana-where-elegance-lives\/#primaryimage"},"image":{"@id":"https:\/\/www.vivianstyle.com\/tuote\/diana-where-elegance-lives\/#primaryimage"},"thumbnailUrl":"https:\/\/www.vivianstyle.com\/wp-content\/uploads\/2025\/05\/Wooden-design-bag-Vivian-Diana-02-LO.webp","datePublished":"2025-05-06T11:06:53+00:00","dateModified":"2025-10-08T22:24:22+00:00","description":"Bold wooden bags with striking design and natural beauty. A unique fusion of fashion and function. Vivian Style - Diana | Where elegance lives","breadcrumb":{"@id":"https:\/\/www.vivianstyle.com\/tuote\/diana-where-elegance-lives\/#breadcrumb"},"inLanguage":"fi","potentialAction":[{"@type":"ReadAction","target":["https:\/\/www.vivianstyle.com\/tuote\/diana-where-elegance-lives\/"]}]},{"@type":"ImageObject","inLanguage":"fi","@id":"https:\/\/www.vivianstyle.com\/tuote\/diana-where-elegance-lives\/#primaryimage","url":"https:\/\/www.vivianstyle.com\/wp-content\/uploads\/2025\/05\/Wooden-design-bag-Vivian-Diana-02-LO.webp","contentUrl":"https:\/\/www.vivianstyle.com\/wp-content\/uploads\/2025\/05\/Wooden-design-bag-Vivian-Diana-02-LO.webp","width":1000,"height":1000},{"@type":"BreadcrumbList","@id":"https:\/\/www.vivianstyle.com\/tuote\/diana-where-elegance-lives\/#breadcrumb","itemListElement":[{"@type":"ListItem","position":1,"name":"Home","item":"https:\/\/www.vivianstyle.com\/"},{"@type":"ListItem","position":2,"name":"Shop","item":"https:\/\/www.vivianstyle.com\/shop\/"},{"@type":"ListItem","position":3,"name":"Diana | Where elegance lives"}]},{"@type":"WebSite","@id":"https:\/\/www.vivianstyle.com\/#website","url":"https:\/\/www.vivianstyle.com\/","name":"Vivian Style","description":"Crafted to empower | Design wooden handbags","publisher":{"@id":"https:\/\/www.vivianstyle.com\/#organization"},"potentialAction":[{"@type":"SearchAction","target":{"@type":"EntryPoint","urlTemplate":"https:\/\/www.vivianstyle.com\/?s={search_term_string}"},"query-input":{"@type":"PropertyValueSpecification","valueRequired":true,"valueName":"search_term_string"}}],"inLanguage":"fi"},{"@type":"Organization","@id":"https:\/\/www.vivianstyle.com\/#organization","name":"Vivian Style","url":"https:\/\/www.vivianstyle.com\/","logo":{"@type":"ImageObject","inLanguage":"fi","@id":"https:\/\/www.vivianstyle.com\/#\/schema\/logo\/image\/","url":"https:\/\/www.vivianstyle.com\/wp-content\/uploads\/2025\/01\/cropped-favicon-2.png","contentUrl":"https:\/\/www.vivianstyle.com\/wp-content\/uploads\/2025\/01\/cropped-favicon-2.png","width":512,"height":512,"caption":"Vivian Style"},"image":{"@id":"https:\/\/www.vivianstyle.com\/#\/schema\/logo\/image\/"}}]}},"_links":{"self":[{"href":"https:\/\/www.vivianstyle.com\/fi\/wp-json\/wp\/v2\/product\/4996","targetHints":{"allow":["GET"]}}],"collection":[{"href":"https:\/\/www.vivianstyle.com\/fi\/wp-json\/wp\/v2\/product"}],"about":[{"href":"https:\/\/www.vivianstyle.com\/fi\/wp-json\/wp\/v2\/types\/product"}],"replies":[{"embeddable":true,"href":"https:\/\/www.vivianstyle.com\/fi\/wp-json\/wp\/v2\/comments?post=4996"}],"wp:featuredmedia":[{"embeddable":true,"href":"https:\/\/www.vivianstyle.com\/fi\/wp-json\/wp\/v2\/media\/5028"}],"wp:attachment":[{"href":"https:\/\/www.vivianstyle.com\/fi\/wp-json\/wp\/v2\/media?parent=4996"}],"wp:term":[{"taxonomy":"product_brand","embeddable":true,"href":"https:\/\/www.vivianstyle.com\/fi\/wp-json\/wp\/v2\/product_brand?post=4996"},{"taxonomy":"product_cat","embeddable":true,"href":"https:\/\/www.vivianstyle.com\/fi\/wp-json\/wp\/v2\/product_cat?post=4996"},{"taxonomy":"product_tag","embeddable":true,"href":"https:\/\/www.vivianstyle.com\/fi\/wp-json\/wp\/v2\/product_tag?post=4996"}],"curies":[{"name":"wp","href":"https:\/\/api.w.org\/{rel}","templated":true}]}}