{"id":4995,"date":"2025-05-06T14:58:10","date_gmt":"2025-05-06T12:58:10","guid":{"rendered":"https:\/\/www.vivianstyle.com\/?post_type=product&#038;p=4995"},"modified":"2025-10-09T00:37:35","modified_gmt":"2025-10-08T22:37:35","slug":"naomi-for-the-quietly-fearless","status":"publish","type":"product","link":"https:\/\/www.vivianstyle.com\/fi\/tuote\/naomi-for-the-quietly-fearless\/","title":{"rendered":"Naomi | For the quietly fearless"},"content":{"rendered":"<p class=\"\" data-start=\"185\" data-end=\"460\"><strong data-start=\"185\" data-end=\"217\">Naomi \u2013 voimaa hiljaisuudessa<\/strong><\/p>\n<p data-start=\"489\" data-end=\"776\">Naomi on hiljaisuuden voima. Rohkea ja minimalistinen, h\u00e4n puhuu puhtaiden linjojen ja hienovaraisten kontrastien kautta.\nSyv\u00e4nmusta puupinta kohtaa sis\u00e4puolen sile\u00e4n mustan nahan, muodostaen yksiv\u00e4risen kokonaisuuden, jota viile\u00e4t hopeiset yksityiskohdat kehyst\u00e4v\u00e4t.\nHiljainen ulkoa \u2013 mutta l\u00e4sn\u00e4ololtaan voimakas.<\/p>\n<p data-start=\"778\" data-end=\"919\">Veistoksellisen siluettinsa ja huoliteltujen yksityiskohtiensa ansiosta Naomi on enemm\u00e4n kuin laukku \u2013 h\u00e4n on asenne.\nHillitty. Itsevarma. Unohtumaton.<\/p>\n<p data-start=\"921\" data-end=\"1080\">Suunniteltu niille, jotka tulevat kuulluiksi ilman, ett\u00e4 heid\u00e4n tarvitsee korottaa \u00e4\u00e4nt\u00e4\u00e4n.\nK\u00e4sintehty ja rajoitettu vain 20 kappaleeseen maailmanlaajuisesti, Naomi on yht\u00e4 harvinainen kuin ajaton.<\/p>\n<p>Crafted from sustainable and long-lasting birch, this handbag is built to stand the test of time. The interior offers a convenient space for your phone, wallet, and other essentials. The black-dyed birch veneer, complemented by golden details, exudes elegance, while the minimalist design pairs seamlessly with a variety of styles and occasions. Whether you\u2019re dressing up for an event or keeping it casual, this bag is the perfect addition to your wardrobe or a thoughtful gift.<\/p>\n<p>Valitsemalla t\u00e4m\u00e4n laukun tuet paikallista k\u00e4sity\u00f6t\u00e4 ja kest\u00e4v\u00e4\u00e4 kehityst\u00e4. Laukku on valmistettu Suomessa paikallisesti hankituista materiaaleista \u2013 laadukkaasti ja j\u00e4ljitett\u00e4v\u00e4sti.<\/p>\n<p>Tuote on k\u00e4sitelty ymp\u00e4rist\u00f6yst\u00e4v\u00e4llisell\u00e4 puuvahalla, joka hylkii likaa ja kosteutta.<\/p>\n<p>My\u00f6nn\u00e4mme laukulle 12 kuukauden kest\u00e4vyystakuun, joka kattaa normaalissa k\u00e4yt\u00f6ss\u00e4 ilmenev\u00e4t mahdolliset viat.<\/p>\n<p>Koska puu on luonnonmateriaali, sen pinnassa voi esiinty\u00e4 hienovaraisia vaihteluita verrattuna tuotekuviin.<\/p>\n<p><strong>Materiaali:<\/strong>\u00a0Kotimainen koivu<br \/>\n<strong>Mitat:<\/strong>\u00a0220mm (L) x 55mm (W) x 130mm (H)<br \/>\n<strong>Olkahihnan pituus:<\/strong>\u00a0120 cm<\/p>","protected":false},"excerpt":{"rendered":"<p>Naomi | For the quietly fearless.<\/p>","protected":false},"featured_media":5067,"comment_status":"open","ping_status":"closed","template":"","meta":[],"product_brand":[],"product_cat":[15],"product_tag":[45,49],"class_list":{"0":"post-4995","1":"product","2":"type-product","3":"status-publish","4":"has-post-thumbnail","6":"product_cat-yleinen","7":"product_tag-design","8":"product_tag-naomi","10":"first","11":"instock","12":"taxable","13":"shipping-taxable","14":"purchasable","15":"product-type-simple"},"yoast_head":"<!-- This site is optimized with the Yoast SEO plugin v27.3 - https:\/\/yoast.com\/product\/yoast-seo-wordpress\/ -->\n<title>Naomi | For the quietly fearless - Vivian Style | Black Wooden Handbag<\/title>\n<meta name=\"description\" content=\"Naomi by Vivian: a bold black wooden handbag with silver details and leather lining. Limited to 20 pieces \u2013 minimalist strength in silence.\" \/>\n<meta name=\"robots\" content=\"index, follow, max-snippet:-1, max-image-preview:large, max-video-preview:-1\" \/>\n<link rel=\"canonical\" href=\"https:\/\/www.vivianstyle.com\/fi\/tuote\/naomi-for-the-quietly-fearless\/\" \/>\n<meta property=\"og:locale\" content=\"fi_FI\" \/>\n<meta property=\"og:type\" content=\"article\" \/>\n<meta property=\"og:title\" content=\"Naomi | For the quietly fearless - Vivian Style | Black Wooden Handbag\" \/>\n<meta property=\"og:description\" content=\"Naomi by Vivian: a bold black wooden handbag with silver details and leather lining. Limited to 20 pieces \u2013 minimalist strength in silence.\" \/>\n<meta property=\"og:url\" content=\"https:\/\/www.vivianstyle.com\/fi\/tuote\/naomi-for-the-quietly-fearless\/\" \/>\n<meta property=\"og:site_name\" content=\"Vivian Style\" \/>\n<meta property=\"article:modified_time\" content=\"2025-10-08T22:37:35+00:00\" \/>\n<meta property=\"og:image\" content=\"https:\/\/www.vivianstyle.com\/wp-content\/uploads\/2025\/05\/Wooden-design-bag-Vivian-Naomi-02-LO.webp\" \/>\n\t<meta property=\"og:image:width\" content=\"1000\" \/>\n\t<meta property=\"og:image:height\" content=\"1000\" \/>\n\t<meta property=\"og:image:type\" content=\"image\/webp\" \/>\n<meta name=\"twitter:card\" content=\"summary_large_image\" \/>\n<meta name=\"twitter:label1\" content=\"Arvioitu lukuaika\" \/>\n\t<meta name=\"twitter:data1\" content=\"2 minuuttia\" \/>\n<script type=\"application\/ld+json\" class=\"yoast-schema-graph\">{\"@context\":\"https:\\\/\\\/schema.org\",\"@graph\":[{\"@type\":\"WebPage\",\"@id\":\"https:\\\/\\\/www.vivianstyle.com\\\/tuote\\\/naomi-for-the-quietly-fearless\\\/\",\"url\":\"https:\\\/\\\/www.vivianstyle.com\\\/tuote\\\/naomi-for-the-quietly-fearless\\\/\",\"name\":\"Naomi | For the quietly fearless - Vivian Style | Black Wooden Handbag\",\"isPartOf\":{\"@id\":\"https:\\\/\\\/www.vivianstyle.com\\\/#website\"},\"primaryImageOfPage\":{\"@id\":\"https:\\\/\\\/www.vivianstyle.com\\\/tuote\\\/naomi-for-the-quietly-fearless\\\/#primaryimage\"},\"image\":{\"@id\":\"https:\\\/\\\/www.vivianstyle.com\\\/tuote\\\/naomi-for-the-quietly-fearless\\\/#primaryimage\"},\"thumbnailUrl\":\"https:\\\/\\\/www.vivianstyle.com\\\/wp-content\\\/uploads\\\/2025\\\/05\\\/Wooden-design-bag-Vivian-Naomi-02-LO.webp\",\"datePublished\":\"2025-05-06T12:58:10+00:00\",\"dateModified\":\"2025-10-08T22:37:35+00:00\",\"description\":\"Naomi by Vivian: a bold black wooden handbag with silver details and leather lining. Limited to 20 pieces \u2013 minimalist strength in silence.\",\"breadcrumb\":{\"@id\":\"https:\\\/\\\/www.vivianstyle.com\\\/tuote\\\/naomi-for-the-quietly-fearless\\\/#breadcrumb\"},\"inLanguage\":\"fi\",\"potentialAction\":[{\"@type\":\"ReadAction\",\"target\":[\"https:\\\/\\\/www.vivianstyle.com\\\/tuote\\\/naomi-for-the-quietly-fearless\\\/\"]}]},{\"@type\":\"ImageObject\",\"inLanguage\":\"fi\",\"@id\":\"https:\\\/\\\/www.vivianstyle.com\\\/tuote\\\/naomi-for-the-quietly-fearless\\\/#primaryimage\",\"url\":\"https:\\\/\\\/www.vivianstyle.com\\\/wp-content\\\/uploads\\\/2025\\\/05\\\/Wooden-design-bag-Vivian-Naomi-02-LO.webp\",\"contentUrl\":\"https:\\\/\\\/www.vivianstyle.com\\\/wp-content\\\/uploads\\\/2025\\\/05\\\/Wooden-design-bag-Vivian-Naomi-02-LO.webp\",\"width\":1000,\"height\":1000},{\"@type\":\"BreadcrumbList\",\"@id\":\"https:\\\/\\\/www.vivianstyle.com\\\/tuote\\\/naomi-for-the-quietly-fearless\\\/#breadcrumb\",\"itemListElement\":[{\"@type\":\"ListItem\",\"position\":1,\"name\":\"Home\",\"item\":\"https:\\\/\\\/www.vivianstyle.com\\\/\"},{\"@type\":\"ListItem\",\"position\":2,\"name\":\"Shop\",\"item\":\"https:\\\/\\\/www.vivianstyle.com\\\/shop\\\/\"},{\"@type\":\"ListItem\",\"position\":3,\"name\":\"Naomi | For the quietly fearless\"}]},{\"@type\":\"WebSite\",\"@id\":\"https:\\\/\\\/www.vivianstyle.com\\\/#website\",\"url\":\"https:\\\/\\\/www.vivianstyle.com\\\/\",\"name\":\"Vivian Style\",\"description\":\"Crafted to empower | Design wooden handbags\",\"publisher\":{\"@id\":\"https:\\\/\\\/www.vivianstyle.com\\\/#organization\"},\"potentialAction\":[{\"@type\":\"SearchAction\",\"target\":{\"@type\":\"EntryPoint\",\"urlTemplate\":\"https:\\\/\\\/www.vivianstyle.com\\\/?s={search_term_string}\"},\"query-input\":{\"@type\":\"PropertyValueSpecification\",\"valueRequired\":true,\"valueName\":\"search_term_string\"}}],\"inLanguage\":\"fi\"},{\"@type\":\"Organization\",\"@id\":\"https:\\\/\\\/www.vivianstyle.com\\\/#organization\",\"name\":\"Vivian Style\",\"url\":\"https:\\\/\\\/www.vivianstyle.com\\\/\",\"logo\":{\"@type\":\"ImageObject\",\"inLanguage\":\"fi\",\"@id\":\"https:\\\/\\\/www.vivianstyle.com\\\/#\\\/schema\\\/logo\\\/image\\\/\",\"url\":\"https:\\\/\\\/www.vivianstyle.com\\\/wp-content\\\/uploads\\\/2025\\\/01\\\/cropped-favicon-2.png\",\"contentUrl\":\"https:\\\/\\\/www.vivianstyle.com\\\/wp-content\\\/uploads\\\/2025\\\/01\\\/cropped-favicon-2.png\",\"width\":512,\"height\":512,\"caption\":\"Vivian Style\"},\"image\":{\"@id\":\"https:\\\/\\\/www.vivianstyle.com\\\/#\\\/schema\\\/logo\\\/image\\\/\"}}]}<\/script>\n<!-- \/ Yoast SEO plugin. -->","yoast_head_json":{"title":"Naomi | For the quietly fearless - Vivian Style | Black Wooden Handbag","description":"Naomi by Vivian: a bold black wooden handbag with silver details and leather lining. Limited to 20 pieces \u2013 minimalist strength in silence.","robots":{"index":"index","follow":"follow","max-snippet":"max-snippet:-1","max-image-preview":"max-image-preview:large","max-video-preview":"max-video-preview:-1"},"canonical":"https:\/\/www.vivianstyle.com\/fi\/tuote\/naomi-for-the-quietly-fearless\/","og_locale":"fi_FI","og_type":"article","og_title":"Naomi | For the quietly fearless - Vivian Style | Black Wooden Handbag","og_description":"Naomi by Vivian: a bold black wooden handbag with silver details and leather lining. Limited to 20 pieces \u2013 minimalist strength in silence.","og_url":"https:\/\/www.vivianstyle.com\/fi\/tuote\/naomi-for-the-quietly-fearless\/","og_site_name":"Vivian Style","article_modified_time":"2025-10-08T22:37:35+00:00","og_image":[{"width":1000,"height":1000,"url":"https:\/\/www.vivianstyle.com\/wp-content\/uploads\/2025\/05\/Wooden-design-bag-Vivian-Naomi-02-LO.webp","type":"image\/webp"}],"twitter_card":"summary_large_image","twitter_misc":{"Arvioitu lukuaika":"2 minuuttia"},"schema":{"@context":"https:\/\/schema.org","@graph":[{"@type":"WebPage","@id":"https:\/\/www.vivianstyle.com\/tuote\/naomi-for-the-quietly-fearless\/","url":"https:\/\/www.vivianstyle.com\/tuote\/naomi-for-the-quietly-fearless\/","name":"Naomi | For the quietly fearless - Vivian Style | Black Wooden Handbag","isPartOf":{"@id":"https:\/\/www.vivianstyle.com\/#website"},"primaryImageOfPage":{"@id":"https:\/\/www.vivianstyle.com\/tuote\/naomi-for-the-quietly-fearless\/#primaryimage"},"image":{"@id":"https:\/\/www.vivianstyle.com\/tuote\/naomi-for-the-quietly-fearless\/#primaryimage"},"thumbnailUrl":"https:\/\/www.vivianstyle.com\/wp-content\/uploads\/2025\/05\/Wooden-design-bag-Vivian-Naomi-02-LO.webp","datePublished":"2025-05-06T12:58:10+00:00","dateModified":"2025-10-08T22:37:35+00:00","description":"Naomi by Vivian: a bold black wooden handbag with silver details and leather lining. Limited to 20 pieces \u2013 minimalist strength in silence.","breadcrumb":{"@id":"https:\/\/www.vivianstyle.com\/tuote\/naomi-for-the-quietly-fearless\/#breadcrumb"},"inLanguage":"fi","potentialAction":[{"@type":"ReadAction","target":["https:\/\/www.vivianstyle.com\/tuote\/naomi-for-the-quietly-fearless\/"]}]},{"@type":"ImageObject","inLanguage":"fi","@id":"https:\/\/www.vivianstyle.com\/tuote\/naomi-for-the-quietly-fearless\/#primaryimage","url":"https:\/\/www.vivianstyle.com\/wp-content\/uploads\/2025\/05\/Wooden-design-bag-Vivian-Naomi-02-LO.webp","contentUrl":"https:\/\/www.vivianstyle.com\/wp-content\/uploads\/2025\/05\/Wooden-design-bag-Vivian-Naomi-02-LO.webp","width":1000,"height":1000},{"@type":"BreadcrumbList","@id":"https:\/\/www.vivianstyle.com\/tuote\/naomi-for-the-quietly-fearless\/#breadcrumb","itemListElement":[{"@type":"ListItem","position":1,"name":"Home","item":"https:\/\/www.vivianstyle.com\/"},{"@type":"ListItem","position":2,"name":"Shop","item":"https:\/\/www.vivianstyle.com\/shop\/"},{"@type":"ListItem","position":3,"name":"Naomi | For the quietly fearless"}]},{"@type":"WebSite","@id":"https:\/\/www.vivianstyle.com\/#website","url":"https:\/\/www.vivianstyle.com\/","name":"Vivian Style","description":"Crafted to empower | Design wooden handbags","publisher":{"@id":"https:\/\/www.vivianstyle.com\/#organization"},"potentialAction":[{"@type":"SearchAction","target":{"@type":"EntryPoint","urlTemplate":"https:\/\/www.vivianstyle.com\/?s={search_term_string}"},"query-input":{"@type":"PropertyValueSpecification","valueRequired":true,"valueName":"search_term_string"}}],"inLanguage":"fi"},{"@type":"Organization","@id":"https:\/\/www.vivianstyle.com\/#organization","name":"Vivian Style","url":"https:\/\/www.vivianstyle.com\/","logo":{"@type":"ImageObject","inLanguage":"fi","@id":"https:\/\/www.vivianstyle.com\/#\/schema\/logo\/image\/","url":"https:\/\/www.vivianstyle.com\/wp-content\/uploads\/2025\/01\/cropped-favicon-2.png","contentUrl":"https:\/\/www.vivianstyle.com\/wp-content\/uploads\/2025\/01\/cropped-favicon-2.png","width":512,"height":512,"caption":"Vivian Style"},"image":{"@id":"https:\/\/www.vivianstyle.com\/#\/schema\/logo\/image\/"}}]}},"_links":{"self":[{"href":"https:\/\/www.vivianstyle.com\/fi\/wp-json\/wp\/v2\/product\/4995","targetHints":{"allow":["GET"]}}],"collection":[{"href":"https:\/\/www.vivianstyle.com\/fi\/wp-json\/wp\/v2\/product"}],"about":[{"href":"https:\/\/www.vivianstyle.com\/fi\/wp-json\/wp\/v2\/types\/product"}],"replies":[{"embeddable":true,"href":"https:\/\/www.vivianstyle.com\/fi\/wp-json\/wp\/v2\/comments?post=4995"}],"wp:featuredmedia":[{"embeddable":true,"href":"https:\/\/www.vivianstyle.com\/fi\/wp-json\/wp\/v2\/media\/5067"}],"wp:attachment":[{"href":"https:\/\/www.vivianstyle.com\/fi\/wp-json\/wp\/v2\/media?parent=4995"}],"wp:term":[{"taxonomy":"product_brand","embeddable":true,"href":"https:\/\/www.vivianstyle.com\/fi\/wp-json\/wp\/v2\/product_brand?post=4995"},{"taxonomy":"product_cat","embeddable":true,"href":"https:\/\/www.vivianstyle.com\/fi\/wp-json\/wp\/v2\/product_cat?post=4995"},{"taxonomy":"product_tag","embeddable":true,"href":"https:\/\/www.vivianstyle.com\/fi\/wp-json\/wp\/v2\/product_tag?post=4995"}],"curies":[{"name":"wp","href":"https:\/\/api.w.org\/{rel}","templated":true}]}}