{"id":4592,"date":"2025-01-26T14:52:18","date_gmt":"2025-01-26T12:52:18","guid":{"rendered":"https:\/\/www.vivianstyle.com\/?post_type=product&#038;p=4592"},"modified":"2025-09-17T01:27:57","modified_gmt":"2025-09-16T23:27:57","slug":"julia-green-gem","status":"publish","type":"product","link":"https:\/\/www.vivianstyle.com\/fi\/tuote\/julia-green-gem\/","title":{"rendered":"Julia | Grace in Green"},"content":{"rendered":"<p class=\"\" data-start=\"174\" data-end=\"498\"><strong data-start=\"174\" data-end=\"207\">Julia \u2013 eleganssi, uudelleen m\u00e4\u00e4ritelty<\/strong><br data-start=\"207\" data-end=\"210\" \/><em data-start=\"210\" data-end=\"217\">Julia<\/em> on hiljainen ylistys kauneudelle ja tasapainolle.\nSyv\u00e4 mets\u00e4nvihre\u00e4 pinta ja hennot kultaiset yksityiskohdat s\u00e4dehtiv\u00e4t hienovaraista vieh\u00e4tyst\u00e4 ja vaivatonta arvokkuutta.\nSis\u00e4puolen sile\u00e4 musta nahka luo voimakkaan kontrastin \u2014 hillityn, mutta kiistatta ylellisen.<\/p>\n<p class=\"\" data-start=\"500\" data-end=\"634\">Ajattoman siluettinsa ja harkitun k\u00e4sity\u00f6n ansiosta <em data-start=\"559\" data-end=\"566\">Julia<\/em> ei seuraa hetki\u00e4 \u2013 se m\u00e4\u00e4ritt\u00e4\u00e4 ne.<\/p>\n<p class=\"\" data-start=\"636\" data-end=\"713\"><strong data-start=\"636\" data-end=\"713\">Niille, jotka ymm\u00e4rt\u00e4v\u00e4t, ett\u00e4 todellinen eleganssi puhuu hiljaa, mutta j\u00e4tt\u00e4\u00e4 j\u00e4ljen.<\/strong><\/p>\n<p>Tyylik\u00e4s koivusta valmistettu k\u00e4silaukku on kest\u00e4v\u00e4 ja monik\u00e4ytt\u00f6inen valinta niin arkeen kuin juhlaan. Puun kaunis pinta tekee siit\u00e4 ainutlaatuisen ja katseen vangitsevan asusteen.<\/p>\n<p>Kest\u00e4v\u00e4st\u00e4 ja vastuullisesti tuotetusta koivusta valmistettu laukku on suunniteltu kest\u00e4m\u00e4\u00e4n aikaa.\nSis\u00e4puolella on k\u00e4yt\u00e4nn\u00f6llinen tila puhelimelle, lompakolle ja muille t\u00e4rkeille tavaroille.\nTyylikk\u00e4\u00e4n vihre\u00e4ksi s\u00e4vytetty koivuviilu yhdistettyn\u00e4 hienovaraisiin yksityiskohtiin huokuu eleganssia, ja minimalistinen muotoilu sopii saumattomasti eri tyyleihin ja tilanteisiin.<\/p>\n<p>Valitsemalla t\u00e4m\u00e4n laukun tuet paikallista k\u00e4sity\u00f6t\u00e4 ja kest\u00e4v\u00e4\u00e4 kehityst\u00e4. Laukku on valmistettu Suomessa paikallisesti hankituista materiaaleista \u2013 laadukkaasti ja j\u00e4ljitett\u00e4v\u00e4sti.<\/p>\n<p>Tuote on k\u00e4sitelty ymp\u00e4rist\u00f6yst\u00e4v\u00e4llisell\u00e4 puuvahalla, joka hylkii likaa ja kosteutta.<\/p>\n<p>My\u00f6nn\u00e4mme laukulle 12 kuukauden kest\u00e4vyystakuun, joka kattaa normaalissa k\u00e4yt\u00f6ss\u00e4 ilmenev\u00e4t mahdolliset viat.<\/p>\n<p>Koska puu on luonnonmateriaali, sen pinnassa voi esiinty\u00e4 hienovaraisia vaihteluita verrattuna tuotekuviin.<\/p>\n<p><strong>Materiaali:<\/strong> Kotimainen koivu, tiikki, nahka, metalli<br \/>\n<strong>Mitat:<\/strong> 220mm (L) x 55mm (W) x 130mm (H)<br \/>\n<strong>Olkahihnan pituus:<\/strong> 120 cm<\/p>","protected":false},"excerpt":{"rendered":"<p>Julia &#8211; Green gem<\/p>","protected":false},"featured_media":5044,"comment_status":"open","ping_status":"closed","template":"","meta":[],"product_brand":[],"product_cat":[15],"product_tag":[45,46],"class_list":{"0":"post-4592","1":"product","2":"type-product","3":"status-publish","4":"has-post-thumbnail","6":"product_cat-yleinen","7":"product_tag-design","8":"product_tag-julia","10":"first","11":"instock","12":"taxable","13":"shipping-taxable","14":"purchasable","15":"product-type-simple"},"yoast_head":"<!-- This site is optimized with the Yoast SEO plugin v27.3 - https:\/\/yoast.com\/product\/yoast-seo-wordpress\/ -->\n<title>Julia | Grace in Green - Vivian Style | Where Wood Meets Fashion<\/title>\n<meta name=\"description\" content=\"Handcrafted wooden handbags made in small batches. Every piece is unique\u2014just like you. Vivian Style - Julia | Grace in Green\" \/>\n<meta name=\"robots\" content=\"index, follow, max-snippet:-1, max-image-preview:large, max-video-preview:-1\" \/>\n<link rel=\"canonical\" href=\"https:\/\/www.vivianstyle.com\/fi\/tuote\/julia-green-gem\/\" \/>\n<meta property=\"og:locale\" content=\"fi_FI\" \/>\n<meta property=\"og:type\" content=\"article\" \/>\n<meta property=\"og:title\" content=\"Julia | Grace in Green - Vivian Style | Where Wood Meets Fashion\" \/>\n<meta property=\"og:description\" content=\"Handcrafted wooden handbags made in small batches. Every piece is unique\u2014just like you. Vivian Style - Julia | Grace in Green\" \/>\n<meta property=\"og:url\" content=\"https:\/\/www.vivianstyle.com\/fi\/tuote\/julia-green-gem\/\" \/>\n<meta property=\"og:site_name\" content=\"Vivian Style\" \/>\n<meta property=\"article:modified_time\" content=\"2025-09-16T23:27:57+00:00\" \/>\n<meta property=\"og:image\" content=\"https:\/\/www.vivianstyle.com\/wp-content\/uploads\/2025\/01\/Wooden-design-bag-Vivian-Julia-02-LO-1.webp\" \/>\n\t<meta property=\"og:image:width\" content=\"1000\" \/>\n\t<meta property=\"og:image:height\" content=\"1000\" \/>\n\t<meta property=\"og:image:type\" content=\"image\/webp\" \/>\n<meta name=\"twitter:card\" content=\"summary_large_image\" \/>\n<meta name=\"twitter:label1\" content=\"Arvioitu lukuaika\" \/>\n\t<meta name=\"twitter:data1\" content=\"2 minuuttia\" \/>\n<script type=\"application\/ld+json\" class=\"yoast-schema-graph\">{\"@context\":\"https:\\\/\\\/schema.org\",\"@graph\":[{\"@type\":\"WebPage\",\"@id\":\"https:\\\/\\\/www.vivianstyle.com\\\/tuote\\\/julia-green-gem\\\/\",\"url\":\"https:\\\/\\\/www.vivianstyle.com\\\/tuote\\\/julia-green-gem\\\/\",\"name\":\"Julia | Grace in Green - Vivian Style | Where Wood Meets Fashion\",\"isPartOf\":{\"@id\":\"https:\\\/\\\/www.vivianstyle.com\\\/#website\"},\"primaryImageOfPage\":{\"@id\":\"https:\\\/\\\/www.vivianstyle.com\\\/tuote\\\/julia-green-gem\\\/#primaryimage\"},\"image\":{\"@id\":\"https:\\\/\\\/www.vivianstyle.com\\\/tuote\\\/julia-green-gem\\\/#primaryimage\"},\"thumbnailUrl\":\"https:\\\/\\\/www.vivianstyle.com\\\/wp-content\\\/uploads\\\/2025\\\/01\\\/Wooden-design-bag-Vivian-Julia-02-LO-1.webp\",\"datePublished\":\"2025-01-26T12:52:18+00:00\",\"dateModified\":\"2025-09-16T23:27:57+00:00\",\"description\":\"Handcrafted wooden handbags made in small batches. Every piece is unique\u2014just like you. Vivian Style - Julia | Grace in Green\",\"breadcrumb\":{\"@id\":\"https:\\\/\\\/www.vivianstyle.com\\\/tuote\\\/julia-green-gem\\\/#breadcrumb\"},\"inLanguage\":\"fi\",\"potentialAction\":[{\"@type\":\"ReadAction\",\"target\":[\"https:\\\/\\\/www.vivianstyle.com\\\/tuote\\\/julia-green-gem\\\/\"]}]},{\"@type\":\"ImageObject\",\"inLanguage\":\"fi\",\"@id\":\"https:\\\/\\\/www.vivianstyle.com\\\/tuote\\\/julia-green-gem\\\/#primaryimage\",\"url\":\"https:\\\/\\\/www.vivianstyle.com\\\/wp-content\\\/uploads\\\/2025\\\/01\\\/Wooden-design-bag-Vivian-Julia-02-LO-1.webp\",\"contentUrl\":\"https:\\\/\\\/www.vivianstyle.com\\\/wp-content\\\/uploads\\\/2025\\\/01\\\/Wooden-design-bag-Vivian-Julia-02-LO-1.webp\",\"width\":1000,\"height\":1000},{\"@type\":\"BreadcrumbList\",\"@id\":\"https:\\\/\\\/www.vivianstyle.com\\\/tuote\\\/julia-green-gem\\\/#breadcrumb\",\"itemListElement\":[{\"@type\":\"ListItem\",\"position\":1,\"name\":\"Home\",\"item\":\"https:\\\/\\\/www.vivianstyle.com\\\/\"},{\"@type\":\"ListItem\",\"position\":2,\"name\":\"Shop\",\"item\":\"https:\\\/\\\/www.vivianstyle.com\\\/shop\\\/\"},{\"@type\":\"ListItem\",\"position\":3,\"name\":\"Julia | Grace in Green\"}]},{\"@type\":\"WebSite\",\"@id\":\"https:\\\/\\\/www.vivianstyle.com\\\/#website\",\"url\":\"https:\\\/\\\/www.vivianstyle.com\\\/\",\"name\":\"Vivian Style\",\"description\":\"Crafted to empower | Design wooden handbags\",\"publisher\":{\"@id\":\"https:\\\/\\\/www.vivianstyle.com\\\/#organization\"},\"potentialAction\":[{\"@type\":\"SearchAction\",\"target\":{\"@type\":\"EntryPoint\",\"urlTemplate\":\"https:\\\/\\\/www.vivianstyle.com\\\/?s={search_term_string}\"},\"query-input\":{\"@type\":\"PropertyValueSpecification\",\"valueRequired\":true,\"valueName\":\"search_term_string\"}}],\"inLanguage\":\"fi\"},{\"@type\":\"Organization\",\"@id\":\"https:\\\/\\\/www.vivianstyle.com\\\/#organization\",\"name\":\"Vivian Style\",\"url\":\"https:\\\/\\\/www.vivianstyle.com\\\/\",\"logo\":{\"@type\":\"ImageObject\",\"inLanguage\":\"fi\",\"@id\":\"https:\\\/\\\/www.vivianstyle.com\\\/#\\\/schema\\\/logo\\\/image\\\/\",\"url\":\"https:\\\/\\\/www.vivianstyle.com\\\/wp-content\\\/uploads\\\/2025\\\/01\\\/cropped-favicon-2.png\",\"contentUrl\":\"https:\\\/\\\/www.vivianstyle.com\\\/wp-content\\\/uploads\\\/2025\\\/01\\\/cropped-favicon-2.png\",\"width\":512,\"height\":512,\"caption\":\"Vivian Style\"},\"image\":{\"@id\":\"https:\\\/\\\/www.vivianstyle.com\\\/#\\\/schema\\\/logo\\\/image\\\/\"}}]}<\/script>\n<!-- \/ Yoast SEO plugin. -->","yoast_head_json":{"title":"Julia | Grace in Green - Vivian Style | Where Wood Meets Fashion","description":"Handcrafted wooden handbags made in small batches. Every piece is unique\u2014just like you. Vivian Style - Julia | Grace in Green","robots":{"index":"index","follow":"follow","max-snippet":"max-snippet:-1","max-image-preview":"max-image-preview:large","max-video-preview":"max-video-preview:-1"},"canonical":"https:\/\/www.vivianstyle.com\/fi\/tuote\/julia-green-gem\/","og_locale":"fi_FI","og_type":"article","og_title":"Julia | Grace in Green - Vivian Style | Where Wood Meets Fashion","og_description":"Handcrafted wooden handbags made in small batches. Every piece is unique\u2014just like you. Vivian Style - Julia | Grace in Green","og_url":"https:\/\/www.vivianstyle.com\/fi\/tuote\/julia-green-gem\/","og_site_name":"Vivian Style","article_modified_time":"2025-09-16T23:27:57+00:00","og_image":[{"width":1000,"height":1000,"url":"https:\/\/www.vivianstyle.com\/wp-content\/uploads\/2025\/01\/Wooden-design-bag-Vivian-Julia-02-LO-1.webp","type":"image\/webp"}],"twitter_card":"summary_large_image","twitter_misc":{"Arvioitu lukuaika":"2 minuuttia"},"schema":{"@context":"https:\/\/schema.org","@graph":[{"@type":"WebPage","@id":"https:\/\/www.vivianstyle.com\/tuote\/julia-green-gem\/","url":"https:\/\/www.vivianstyle.com\/tuote\/julia-green-gem\/","name":"Julia | Grace in Green - Vivian Style | Where Wood Meets Fashion","isPartOf":{"@id":"https:\/\/www.vivianstyle.com\/#website"},"primaryImageOfPage":{"@id":"https:\/\/www.vivianstyle.com\/tuote\/julia-green-gem\/#primaryimage"},"image":{"@id":"https:\/\/www.vivianstyle.com\/tuote\/julia-green-gem\/#primaryimage"},"thumbnailUrl":"https:\/\/www.vivianstyle.com\/wp-content\/uploads\/2025\/01\/Wooden-design-bag-Vivian-Julia-02-LO-1.webp","datePublished":"2025-01-26T12:52:18+00:00","dateModified":"2025-09-16T23:27:57+00:00","description":"Handcrafted wooden handbags made in small batches. Every piece is unique\u2014just like you. Vivian Style - Julia | Grace in Green","breadcrumb":{"@id":"https:\/\/www.vivianstyle.com\/tuote\/julia-green-gem\/#breadcrumb"},"inLanguage":"fi","potentialAction":[{"@type":"ReadAction","target":["https:\/\/www.vivianstyle.com\/tuote\/julia-green-gem\/"]}]},{"@type":"ImageObject","inLanguage":"fi","@id":"https:\/\/www.vivianstyle.com\/tuote\/julia-green-gem\/#primaryimage","url":"https:\/\/www.vivianstyle.com\/wp-content\/uploads\/2025\/01\/Wooden-design-bag-Vivian-Julia-02-LO-1.webp","contentUrl":"https:\/\/www.vivianstyle.com\/wp-content\/uploads\/2025\/01\/Wooden-design-bag-Vivian-Julia-02-LO-1.webp","width":1000,"height":1000},{"@type":"BreadcrumbList","@id":"https:\/\/www.vivianstyle.com\/tuote\/julia-green-gem\/#breadcrumb","itemListElement":[{"@type":"ListItem","position":1,"name":"Home","item":"https:\/\/www.vivianstyle.com\/"},{"@type":"ListItem","position":2,"name":"Shop","item":"https:\/\/www.vivianstyle.com\/shop\/"},{"@type":"ListItem","position":3,"name":"Julia | Grace in Green"}]},{"@type":"WebSite","@id":"https:\/\/www.vivianstyle.com\/#website","url":"https:\/\/www.vivianstyle.com\/","name":"Vivian Style","description":"Crafted to empower | Design wooden handbags","publisher":{"@id":"https:\/\/www.vivianstyle.com\/#organization"},"potentialAction":[{"@type":"SearchAction","target":{"@type":"EntryPoint","urlTemplate":"https:\/\/www.vivianstyle.com\/?s={search_term_string}"},"query-input":{"@type":"PropertyValueSpecification","valueRequired":true,"valueName":"search_term_string"}}],"inLanguage":"fi"},{"@type":"Organization","@id":"https:\/\/www.vivianstyle.com\/#organization","name":"Vivian Style","url":"https:\/\/www.vivianstyle.com\/","logo":{"@type":"ImageObject","inLanguage":"fi","@id":"https:\/\/www.vivianstyle.com\/#\/schema\/logo\/image\/","url":"https:\/\/www.vivianstyle.com\/wp-content\/uploads\/2025\/01\/cropped-favicon-2.png","contentUrl":"https:\/\/www.vivianstyle.com\/wp-content\/uploads\/2025\/01\/cropped-favicon-2.png","width":512,"height":512,"caption":"Vivian Style"},"image":{"@id":"https:\/\/www.vivianstyle.com\/#\/schema\/logo\/image\/"}}]}},"_links":{"self":[{"href":"https:\/\/www.vivianstyle.com\/fi\/wp-json\/wp\/v2\/product\/4592","targetHints":{"allow":["GET"]}}],"collection":[{"href":"https:\/\/www.vivianstyle.com\/fi\/wp-json\/wp\/v2\/product"}],"about":[{"href":"https:\/\/www.vivianstyle.com\/fi\/wp-json\/wp\/v2\/types\/product"}],"replies":[{"embeddable":true,"href":"https:\/\/www.vivianstyle.com\/fi\/wp-json\/wp\/v2\/comments?post=4592"}],"wp:featuredmedia":[{"embeddable":true,"href":"https:\/\/www.vivianstyle.com\/fi\/wp-json\/wp\/v2\/media\/5044"}],"wp:attachment":[{"href":"https:\/\/www.vivianstyle.com\/fi\/wp-json\/wp\/v2\/media?parent=4592"}],"wp:term":[{"taxonomy":"product_brand","embeddable":true,"href":"https:\/\/www.vivianstyle.com\/fi\/wp-json\/wp\/v2\/product_brand?post=4592"},{"taxonomy":"product_cat","embeddable":true,"href":"https:\/\/www.vivianstyle.com\/fi\/wp-json\/wp\/v2\/product_cat?post=4592"},{"taxonomy":"product_tag","embeddable":true,"href":"https:\/\/www.vivianstyle.com\/fi\/wp-json\/wp\/v2\/product_tag?post=4592"}],"curies":[{"name":"wp","href":"https:\/\/api.w.org\/{rel}","templated":true}]}}